{"id":87,"date":"2025-04-19T16:13:07","date_gmt":"2025-04-19T16:13:07","guid":{"rendered":"https:\/\/www.duyudil.com.tr\/?page_id=87"},"modified":"2025-04-20T08:41:48","modified_gmt":"2025-04-20T08:41:48","slug":"egitimlerimiz","status":"publish","type":"page","link":"https:\/\/www.duyudil.com.tr\/?page_id=87","title":{"rendered":"E\u011fitimlerimiz"},"content":{"rendered":"\n<div class=\"wp-block-columns coaching-wrapper is-layout-flex wp-container-core-columns-is-layout-28f84493 wp-block-columns-is-layout-flex\">\n<div class=\"wp-block-column is-layout-flow wp-block-column-is-layout-flow\">\n<div class=\"wp-block-buttons is-layout-flex wp-block-buttons-is-layout-flex\">\n<div class=\"wp-block-button has-custom-width wp-block-button__width-100\"><a class=\"wp-block-button__link has-text-align-center wp-element-button\" href=\"https:\/\/www.duyudil.com.tr\/?page_id=165\"><strong>ABA E\u011e\u0130T\u0130M\u0130<\/strong><\/a><\/div>\n<\/div>\n\n\n\n<div class=\"wp-block-group is-layout-constrained wp-block-group-is-layout-constrained\">\n<figure class=\"wp-block-image size-full is-resized\"><img loading=\"lazy\" decoding=\"async\" width=\"640\" height=\"459\" src=\"http:\/\/www.duyudil.com.tr\/wp-content\/uploads\/2025\/04\/aba-egitimi-resim-17023921709.webp\" alt=\"\" class=\"wp-image-49\" style=\"object-fit:cover;width:250px;height:225px\" srcset=\"https:\/\/www.duyudil.com.tr\/wp-content\/uploads\/2025\/04\/aba-egitimi-resim-17023921709.webp 640w, https:\/\/www.duyudil.com.tr\/wp-content\/uploads\/2025\/04\/aba-egitimi-resim-17023921709-300x215.webp 300w\" sizes=\"auto, (max-width: 640px) 100vw, 640px\" \/><\/figure>\n<\/div>\n<\/div>\n\n\n\n<div class=\"wp-block-column is-layout-flow wp-block-column-is-layout-flow\">\n<div class=\"wp-block-buttons is-layout-flex wp-block-buttons-is-layout-flex\">\n<div class=\"wp-block-button has-custom-width wp-block-button__width-100\"><a class=\"wp-block-button__link wp-element-button\" href=\"https:\/\/www.duyudil.com.tr\/?page_id=169\"><strong>G\u00d6RME YETERS\u0130ZL\u0130\u011e\u0130 DESTEK E\u011e\u0130T\u0130M PROGRAMI<\/strong><\/a><\/div>\n<\/div>\n\n\n\n<figure class=\"wp-block-image aligncenter size-full is-resized is-style-rounded\"><img loading=\"lazy\" decoding=\"async\" width=\"1024\" height=\"683\" src=\"http:\/\/www.duyudil.com.tr\/wp-content\/uploads\/2025\/04\/gorme-yetersizligi-destek-egitim-programi-resim-17023922702.webp\" alt=\"\" class=\"wp-image-125\" style=\"object-fit:cover;width:250px;height:225px\" srcset=\"https:\/\/www.duyudil.com.tr\/wp-content\/uploads\/2025\/04\/gorme-yetersizligi-destek-egitim-programi-resim-17023922702.webp 1024w, https:\/\/www.duyudil.com.tr\/wp-content\/uploads\/2025\/04\/gorme-yetersizligi-destek-egitim-programi-resim-17023922702-300x200.webp 300w, https:\/\/www.duyudil.com.tr\/wp-content\/uploads\/2025\/04\/gorme-yetersizligi-destek-egitim-programi-resim-17023922702-768x512.webp 768w\" sizes=\"auto, (max-width: 1024px) 100vw, 1024px\" \/><\/figure>\n<\/div>\n\n\n\n<div class=\"wp-block-column is-layout-flow wp-block-column-is-layout-flow\">\n<div class=\"wp-block-buttons is-layout-flex wp-block-buttons-is-layout-flex\">\n<div class=\"wp-block-button has-custom-width wp-block-button__width-100\"><a class=\"wp-block-button__link wp-element-button\" href=\"https:\/\/www.duyudil.com.tr\/?page_id=173\"><strong>EVDE F\u0130Z\u0130K TEDAV\u0130<\/strong><\/a><\/div>\n<\/div>\n\n\n\n<figure class=\"wp-block-image alignleft size-full is-resized\"><img loading=\"lazy\" decoding=\"async\" width=\"259\" height=\"194\" src=\"http:\/\/www.duyudil.com.tr\/wp-content\/uploads\/2025\/04\/evde-fizik-tedavi-resim-17023923583.webp\" alt=\"\" class=\"wp-image-126\" style=\"object-fit:cover;width:250px;height:225px\"\/><\/figure>\n<\/div>\n\n\n\n<div class=\"wp-block-column is-layout-flow wp-block-column-is-layout-flow\">\n<div class=\"wp-block-buttons is-layout-flex wp-block-buttons-is-layout-flex\">\n<div class=\"wp-block-button has-custom-width wp-block-button__width-100\"><a class=\"wp-block-button__link wp-element-button\"><strong>UZAY TERAP\u0130  <\/strong>           <strong>(Suit Therapy \/ Spider Therapy)<\/strong><\/a><\/div>\n<\/div>\n\n\n\n<figure class=\"wp-block-image aligncenter size-full is-resized\"><img loading=\"lazy\" decoding=\"async\" width=\"301\" height=\"244\" src=\"http:\/\/www.duyudil.com.tr\/wp-content\/uploads\/2025\/04\/uzayterapi.png\" alt=\"\" class=\"wp-image-128\" style=\"object-fit:cover;width:250px;height:225px\"\/><\/figure>\n<\/div>\n\n\n\n<div class=\"wp-block-column is-layout-flow wp-block-column-is-layout-flow\">\n<div class=\"wp-block-buttons is-layout-flex wp-block-buttons-is-layout-flex\">\n<div class=\"wp-block-button has-custom-width wp-block-button__width-100\"><a class=\"wp-block-button__link wp-element-button\" href=\"https:\/\/www.duyudil.com.tr\/?page_id=177\"><strong>Z\u0130H\u0130NSEL YETERS\u0130ZL\u0130K DESTEK E\u011e\u0130T\u0130M PROGRAMI<\/strong><\/a><\/div>\n<\/div>\n\n\n\n<figure class=\"wp-block-image aligncenter size-full is-resized\"><img loading=\"lazy\" decoding=\"async\" width=\"275\" height=\"183\" src=\"http:\/\/www.duyudil.com.tr\/wp-content\/uploads\/2025\/04\/zihinsel-yetersizlik-destek-egitim-programi-resim-17023924998.webp\" alt=\"\" class=\"wp-image-132\" style=\"object-fit:cover;width:250px;height:225px\"\/><\/figure>\n<\/div>\n\n\n\n<div class=\"wp-block-column is-layout-flow wp-block-column-is-layout-flow\">\n<div class=\"wp-block-buttons is-layout-flex wp-block-buttons-is-layout-flex\">\n<div class=\"wp-block-button has-custom-width wp-block-button__width-100\"><a class=\"wp-block-button__link wp-element-button\" href=\"https:\/\/www.duyudil.com.tr\/?page_id=180\"><strong><strong>OT\u0130ZM SPEKTRUM BOZUKLU\u011eU<\/strong><\/strong><\/a><\/div>\n<\/div>\n\n\n\n<figure class=\"wp-block-image aligncenter size-full is-resized\"><img loading=\"lazy\" decoding=\"async\" width=\"1208\" height=\"1815\" src=\"http:\/\/www.duyudil.com.tr\/wp-content\/uploads\/2025\/04\/otizm-spektrum-bozuklugu-resim-17037659839.webp\" alt=\"\" class=\"wp-image-139\" style=\"object-fit:cover;width:250px;height:225px\" srcset=\"https:\/\/www.duyudil.com.tr\/wp-content\/uploads\/2025\/04\/otizm-spektrum-bozuklugu-resim-17037659839.webp 1208w, https:\/\/www.duyudil.com.tr\/wp-content\/uploads\/2025\/04\/otizm-spektrum-bozuklugu-resim-17037659839-200x300.webp 200w, https:\/\/www.duyudil.com.tr\/wp-content\/uploads\/2025\/04\/otizm-spektrum-bozuklugu-resim-17037659839-682x1024.webp 682w, https:\/\/www.duyudil.com.tr\/wp-content\/uploads\/2025\/04\/otizm-spektrum-bozuklugu-resim-17037659839-768x1154.webp 768w, https:\/\/www.duyudil.com.tr\/wp-content\/uploads\/2025\/04\/otizm-spektrum-bozuklugu-resim-17037659839-1022x1536.webp 1022w\" sizes=\"auto, (max-width: 1208px) 100vw, 1208px\" \/><\/figure>\n<\/div>\n\n\n\n<div class=\"wp-block-column is-layout-flow wp-block-column-is-layout-flow\">\n<div class=\"wp-block-buttons is-layout-flex wp-block-buttons-is-layout-flex\">\n<div class=\"wp-block-button\"><a class=\"wp-block-button__link wp-element-button\" href=\"https:\/\/www.duyudil.com.tr\/?page_id=184\"><strong>D\u0130L KONU\u015eMA TERAP\u0130S\u0130<\/strong><\/a><\/div>\n<\/div>\n\n\n\n<figure class=\"wp-block-image size-large is-resized\"><img loading=\"lazy\" decoding=\"async\" width=\"1024\" height=\"576\" src=\"http:\/\/www.duyudil.com.tr\/wp-content\/uploads\/2025\/04\/dil-konusma-terapisi-resim-17023926043-1-1024x576.webp\" alt=\"\" class=\"wp-image-146\" style=\"object-fit:cover;width:250px;height:225px\" srcset=\"https:\/\/www.duyudil.com.tr\/wp-content\/uploads\/2025\/04\/dil-konusma-terapisi-resim-17023926043-1-1024x576.webp 1024w, https:\/\/www.duyudil.com.tr\/wp-content\/uploads\/2025\/04\/dil-konusma-terapisi-resim-17023926043-1-300x169.webp 300w, https:\/\/www.duyudil.com.tr\/wp-content\/uploads\/2025\/04\/dil-konusma-terapisi-resim-17023926043-1-768x432.webp 768w, https:\/\/www.duyudil.com.tr\/wp-content\/uploads\/2025\/04\/dil-konusma-terapisi-resim-17023926043-1.webp 1200w\" sizes=\"auto, (max-width: 1024px) 100vw, 1024px\" \/><\/figure>\n<\/div>\n<\/div>\n\n\n\n<div class=\"wp-block-columns coaching-wrapper is-layout-flex wp-container-core-columns-is-layout-28f84493 wp-block-columns-is-layout-flex\">\n<div class=\"wp-block-column is-layout-flow wp-block-column-is-layout-flow\"><\/div>\n\n\n\n<div class=\"wp-block-column is-layout-flow wp-block-column-is-layout-flow\"><\/div>\n\n\n\n<div class=\"wp-block-column is-layout-flow wp-block-column-is-layout-flow\"><\/div>\n<\/div>\n\n\n\n<div class=\"wp-block-columns coaching-wrapper is-layout-flex wp-container-core-columns-is-layout-28f84493 wp-block-columns-is-layout-flex\">\n<div class=\"wp-block-column is-layout-flow wp-block-column-is-layout-flow\">\n<div class=\"wp-block-buttons is-layout-flex wp-container-core-buttons-is-layout-ea8b11be wp-block-buttons-is-layout-flex\">\n<div class=\"wp-block-button has-custom-width wp-block-button__width-100\"><a class=\"wp-block-button__link has-text-align-center wp-element-button\" href=\"https:\/\/www.duyudil.com.tr\/?page_id=187\"><strong><strong>OYUN TERAP\u0130S\u0130<\/strong><\/strong><\/a><\/div>\n<\/div>\n\n\n\n<div class=\"wp-block-group is-layout-constrained wp-block-group-is-layout-constrained\">\n<figure class=\"wp-block-image size-full is-resized\"><img loading=\"lazy\" decoding=\"async\" width=\"1380\" height=\"918\" src=\"http:\/\/www.duyudil.com.tr\/wp-content\/uploads\/2025\/04\/oyun-terapisi-resim-17037663588-1.webp\" alt=\"\" class=\"wp-image-156\" style=\"object-fit:cover;width:250px;height:225px\" srcset=\"https:\/\/www.duyudil.com.tr\/wp-content\/uploads\/2025\/04\/oyun-terapisi-resim-17037663588-1.webp 1380w, https:\/\/www.duyudil.com.tr\/wp-content\/uploads\/2025\/04\/oyun-terapisi-resim-17037663588-1-300x200.webp 300w, https:\/\/www.duyudil.com.tr\/wp-content\/uploads\/2025\/04\/oyun-terapisi-resim-17037663588-1-1024x681.webp 1024w, https:\/\/www.duyudil.com.tr\/wp-content\/uploads\/2025\/04\/oyun-terapisi-resim-17037663588-1-768x511.webp 768w\" sizes=\"auto, (max-width: 1380px) 100vw, 1380px\" \/><\/figure>\n<\/div>\n<\/div>\n\n\n\n<div class=\"wp-block-column is-layout-flow wp-block-column-is-layout-flow\">\n<div class=\"wp-block-buttons is-layout-flex wp-block-buttons-is-layout-flex\">\n<div class=\"wp-block-button has-custom-width wp-block-button__width-100\"><a class=\"wp-block-button__link wp-element-button\" href=\"https:\/\/www.duyudil.com.tr\/?page_id=191\"><strong><strong>GRUP E\u011e\u0130T\u0130M\u0130<\/strong><\/strong><\/a><\/div>\n<\/div>\n\n\n\n<figure class=\"wp-block-image aligncenter size-full is-resized is-style-rounded\"><img loading=\"lazy\" decoding=\"async\" width=\"1500\" height=\"1000\" src=\"http:\/\/www.duyudil.com.tr\/wp-content\/uploads\/2025\/04\/grup-egitimi-resim-17023928909.webp\" alt=\"\" class=\"wp-image-157\" style=\"object-fit:cover;width:250px;height:225px\" srcset=\"https:\/\/www.duyudil.com.tr\/wp-content\/uploads\/2025\/04\/grup-egitimi-resim-17023928909.webp 1500w, https:\/\/www.duyudil.com.tr\/wp-content\/uploads\/2025\/04\/grup-egitimi-resim-17023928909-300x200.webp 300w, https:\/\/www.duyudil.com.tr\/wp-content\/uploads\/2025\/04\/grup-egitimi-resim-17023928909-1024x683.webp 1024w, https:\/\/www.duyudil.com.tr\/wp-content\/uploads\/2025\/04\/grup-egitimi-resim-17023928909-768x512.webp 768w\" sizes=\"auto, (max-width: 1500px) 100vw, 1500px\" \/><\/figure>\n<\/div>\n\n\n\n<div class=\"wp-block-column is-layout-flow wp-block-column-is-layout-flow\">\n<div class=\"wp-block-buttons is-content-justification-right is-layout-flex wp-container-core-buttons-is-layout-d445cf74 wp-block-buttons-is-layout-flex\">\n<div class=\"wp-block-button has-custom-width wp-block-button__width-100\"><a class=\"wp-block-button__link wp-element-button\" href=\"https:\/\/www.duyudil.com.tr\/?page_id=194\"><strong>ERGOTERAP\u0130<\/strong><\/a><\/div>\n<\/div>\n\n\n\n<figure class=\"wp-block-image alignleft size-full is-resized\"><img loading=\"lazy\" decoding=\"async\" width=\"1024\" height=\"768\" src=\"http:\/\/www.duyudil.com.tr\/wp-content\/uploads\/2025\/04\/ergoterapi-resim-17023929461-1.webp\" alt=\"\" class=\"wp-image-158\" style=\"object-fit:cover;width:250px;height:225px\" srcset=\"https:\/\/www.duyudil.com.tr\/wp-content\/uploads\/2025\/04\/ergoterapi-resim-17023929461-1.webp 1024w, https:\/\/www.duyudil.com.tr\/wp-content\/uploads\/2025\/04\/ergoterapi-resim-17023929461-1-300x225.webp 300w, https:\/\/www.duyudil.com.tr\/wp-content\/uploads\/2025\/04\/ergoterapi-resim-17023929461-1-768x576.webp 768w\" sizes=\"auto, (max-width: 1024px) 100vw, 1024px\" \/><\/figure>\n<\/div>\n\n\n\n<div class=\"wp-block-column is-layout-flow wp-block-column-is-layout-flow\">\n<div class=\"wp-block-buttons is-layout-flex wp-block-buttons-is-layout-flex\">\n<div class=\"wp-block-button has-custom-width wp-block-button__width-100\"><a class=\"wp-block-button__link wp-element-button\" href=\"https:\/\/www.duyudil.com.tr\/?page_id=198\"><strong>\u00d6ZG\u00dcL \u00d6\u011eRENME G\u00dc\u00c7L\u00dc\u011e\u00dc<\/strong><\/a><\/div>\n<\/div>\n\n\n\n<figure class=\"wp-block-image aligncenter size-full is-resized\"><img loading=\"lazy\" decoding=\"async\" width=\"301\" height=\"244\" src=\"http:\/\/www.duyudil.com.tr\/wp-content\/uploads\/2025\/04\/uzayterapi.png\" alt=\"\" class=\"wp-image-128\" style=\"object-fit:cover;width:250px;height:225px\"\/><\/figure>\n<\/div>\n\n\n\n<div class=\"wp-block-column is-layout-flow wp-block-column-is-layout-flow\">\n<div class=\"wp-block-buttons is-layout-flex wp-block-buttons-is-layout-flex\">\n<div class=\"wp-block-button\"><a class=\"wp-block-button__link wp-element-button\" href=\"https:\/\/www.duyudil.com.tr\/?page_id=201\"><strong>\u0130\u015e\u0130TME YETERS\u0130ZL\u0130\u011e\u0130 DESTEK E\u011e\u0130T\u0130M PROGRAMI<\/strong><\/a><\/div>\n<\/div>\n\n\n\n<figure class=\"wp-block-image size-full is-resized\"><img loading=\"lazy\" decoding=\"async\" width=\"950\" height=\"663\" src=\"http:\/\/www.duyudil.com.tr\/wp-content\/uploads\/2025\/04\/isitme-yetersizligi-destek-egitim-programi-resim-17023927901.webp\" alt=\"\" class=\"wp-image-151\" style=\"object-fit:cover;width:250px;height:225px\" srcset=\"https:\/\/www.duyudil.com.tr\/wp-content\/uploads\/2025\/04\/isitme-yetersizligi-destek-egitim-programi-resim-17023927901.webp 950w, https:\/\/www.duyudil.com.tr\/wp-content\/uploads\/2025\/04\/isitme-yetersizligi-destek-egitim-programi-resim-17023927901-300x209.webp 300w, https:\/\/www.duyudil.com.tr\/wp-content\/uploads\/2025\/04\/isitme-yetersizligi-destek-egitim-programi-resim-17023927901-768x536.webp 768w\" sizes=\"auto, (max-width: 950px) 100vw, 950px\" \/><\/figure>\n<\/div>\n\n\n\n<div class=\"wp-block-column is-layout-flow wp-block-column-is-layout-flow\">\n<div class=\"wp-block-buttons is-layout-flex wp-block-buttons-is-layout-flex\">\n<div class=\"wp-block-button\"><a class=\"wp-block-button__link wp-element-button\" href=\"https:\/\/www.duyudil.com.tr\/?page_id=204\"><strong>PS\u0130KOLOJ\u0130K DANI\u015eMANLIK H\u0130ZMET\u0130<\/strong><\/a><\/div>\n<\/div>\n\n\n\n<figure class=\"wp-block-image size-large is-resized\"><img loading=\"lazy\" decoding=\"async\" width=\"683\" height=\"1024\" src=\"http:\/\/www.duyudil.com.tr\/wp-content\/uploads\/2025\/04\/psikolojik-danismanlik-hizmeti-resim-17037659395-683x1024.webp\" alt=\"\" class=\"wp-image-149\" style=\"object-fit:cover;width:250px;height:225px\" srcset=\"https:\/\/www.duyudil.com.tr\/wp-content\/uploads\/2025\/04\/psikolojik-danismanlik-hizmeti-resim-17037659395-683x1024.webp 683w, https:\/\/www.duyudil.com.tr\/wp-content\/uploads\/2025\/04\/psikolojik-danismanlik-hizmeti-resim-17037659395-200x300.webp 200w, https:\/\/www.duyudil.com.tr\/wp-content\/uploads\/2025\/04\/psikolojik-danismanlik-hizmeti-resim-17037659395-768x1151.webp 768w, https:\/\/www.duyudil.com.tr\/wp-content\/uploads\/2025\/04\/psikolojik-danismanlik-hizmeti-resim-17037659395-1025x1536.webp 1025w, https:\/\/www.duyudil.com.tr\/wp-content\/uploads\/2025\/04\/psikolojik-danismanlik-hizmeti-resim-17037659395-1366x2048.webp 1366w, https:\/\/www.duyudil.com.tr\/wp-content\/uploads\/2025\/04\/psikolojik-danismanlik-hizmeti-resim-17037659395.webp 1581w\" sizes=\"auto, (max-width: 683px) 100vw, 683px\" \/><\/figure>\n<\/div>\n\n\n\n<div class=\"wp-block-column is-layout-flow wp-block-column-is-layout-flow\"><\/div>\n<\/div>\n\n\n\n<p><\/p>\n","protected":false},"excerpt":{"rendered":"","protected":false},"author":1,"featured_media":52,"parent":0,"menu_order":0,"comment_status":"closed","ping_status":"closed","template":"","meta":{"footnotes":""},"class_list":["post-87","page","type-page","status-publish","has-post-thumbnail","hentry"],"_links":{"self":[{"href":"https:\/\/www.duyudil.com.tr\/index.php?rest_route=\/wp\/v2\/pages\/87","targetHints":{"allow":["GET"]}}],"collection":[{"href":"https:\/\/www.duyudil.com.tr\/index.php?rest_route=\/wp\/v2\/pages"}],"about":[{"href":"https:\/\/www.duyudil.com.tr\/index.php?rest_route=\/wp\/v2\/types\/page"}],"author":[{"embeddable":true,"href":"https:\/\/www.duyudil.com.tr\/index.php?rest_route=\/wp\/v2\/users\/1"}],"replies":[{"embeddable":true,"href":"https:\/\/www.duyudil.com.tr\/index.php?rest_route=%2Fwp%2Fv2%2Fcomments&post=87"}],"version-history":[{"count":20,"href":"https:\/\/www.duyudil.com.tr\/index.php?rest_route=\/wp\/v2\/pages\/87\/revisions"}],"predecessor-version":[{"id":207,"href":"https:\/\/www.duyudil.com.tr\/index.php?rest_route=\/wp\/v2\/pages\/87\/revisions\/207"}],"wp:featuredmedia":[{"embeddable":true,"href":"https:\/\/www.duyudil.com.tr\/index.php?rest_route=\/wp\/v2\/media\/52"}],"wp:attachment":[{"href":"https:\/\/www.duyudil.com.tr\/index.php?rest_route=%2Fwp%2Fv2%2Fmedia&parent=87"}],"curies":[{"name":"wp","href":"https:\/\/api.w.org\/{rel}","templated":true}]}}