{"id":21,"date":"2025-04-19T11:52:38","date_gmt":"2025-04-19T11:52:38","guid":{"rendered":"http:\/\/www.duyudil.com.tr\/?page_id=21"},"modified":"2025-04-19T16:06:45","modified_gmt":"2025-04-19T16:06:45","slug":"vizyonumuz","status":"publish","type":"page","link":"https:\/\/www.duyudil.com.tr\/?page_id=21","title":{"rendered":"Vizyonumuz"},"content":{"rendered":"\n<p><\/p>\n\n\n\n<p class=\"has-foreground-color has-text-color has-link-color wp-elements-40a1db6932af3eab42261ec056126078\">&nbsp;&nbsp;&nbsp;&nbsp;&nbsp;&nbsp;&nbsp;&nbsp;&nbsp;&nbsp;&nbsp;&nbsp;&nbsp;&nbsp;&nbsp; \u00d6zel e\u011fitim ve rehabilitasyon deste\u011fine ihtiya\u00e7 duyan bireylere b\u00fct\u00fcnsel geli\u015fimlerini destekleyen, onlar\u0131n m\u00fcmk\u00fcn oldu\u011funca kendine yetebilen, toplumla i\u00e7 i\u00e7e bir ya\u015fam s\u00fcrebilmeleri konusunda desteklen bir bak\u0131\u015f a\u00e7\u0131s\u0131yla e\u011fitim vermek.<\/p>\n\n\n\n<p class=\"has-foreground-color has-text-color has-link-color wp-elements-21786f83220bdebdc2066755196b4fa8\">&nbsp;&nbsp;&nbsp;&nbsp;&nbsp;&nbsp;&nbsp;&nbsp;&nbsp;&nbsp;&nbsp;&nbsp;&nbsp;&nbsp;&nbsp; Yenilikleri takip eden ve \u00f6nceli\u011fi her zaman \u00f6\u011frenciye veren \u00e7al\u0131\u015fma arkada\u015flar\u0131m\u0131zla devaml\u0131 geli\u015fmek. Kendisiyle bar\u0131\u015f\u0131k, ko\u015fulsuz kabul g\u00f6ren, toplumla uyum i\u00e7erisinde ya\u015fayabilen ve davranabilen bireyler yeti\u015ftirmek.<\/p>\n\n\n\n<p><\/p>\n","protected":false},"excerpt":{"rendered":"<p>&nbsp;&nbsp;&nbsp;&nbsp;&nbsp;&nbsp;&nbsp;&nbsp;&nbsp;&nbsp;&nbsp;&nbsp;&nbsp;&nbsp;&nbsp; \u00d6zel e\u011fitim ve rehabilitasyon deste\u011fine ihtiya\u00e7 duyan bireylere b\u00fct\u00fcnsel geli\u015fimlerini destekleyen, onlar\u0131n m\u00fcmk\u00fcn oldu\u011funca kendine yetebilen, toplumla i\u00e7 i\u00e7e bir ya\u015fam s\u00fcrebilmeleri konusunda desteklen bir bak\u0131\u015f a\u00e7\u0131s\u0131yla e\u011fitim vermek. [&hellip;]<\/p>\n","protected":false},"author":1,"featured_media":26,"parent":16,"menu_order":0,"comment_status":"closed","ping_status":"closed","template":"","meta":{"footnotes":""},"class_list":["post-21","page","type-page","status-publish","has-post-thumbnail","hentry"],"_links":{"self":[{"href":"https:\/\/www.duyudil.com.tr\/index.php?rest_route=\/wp\/v2\/pages\/21","targetHints":{"allow":["GET"]}}],"collection":[{"href":"https:\/\/www.duyudil.com.tr\/index.php?rest_route=\/wp\/v2\/pages"}],"about":[{"href":"https:\/\/www.duyudil.com.tr\/index.php?rest_route=\/wp\/v2\/types\/page"}],"author":[{"embeddable":true,"href":"https:\/\/www.duyudil.com.tr\/index.php?rest_route=\/wp\/v2\/users\/1"}],"replies":[{"embeddable":true,"href":"https:\/\/www.duyudil.com.tr\/index.php?rest_route=%2Fwp%2Fv2%2Fcomments&post=21"}],"version-history":[{"count":4,"href":"https:\/\/www.duyudil.com.tr\/index.php?rest_route=\/wp\/v2\/pages\/21\/revisions"}],"predecessor-version":[{"id":85,"href":"https:\/\/www.duyudil.com.tr\/index.php?rest_route=\/wp\/v2\/pages\/21\/revisions\/85"}],"up":[{"embeddable":true,"href":"https:\/\/www.duyudil.com.tr\/index.php?rest_route=\/wp\/v2\/pages\/16"}],"wp:featuredmedia":[{"embeddable":true,"href":"https:\/\/www.duyudil.com.tr\/index.php?rest_route=\/wp\/v2\/media\/26"}],"wp:attachment":[{"href":"https:\/\/www.duyudil.com.tr\/index.php?rest_route=%2Fwp%2Fv2%2Fmedia&parent=21"}],"curies":[{"name":"wp","href":"https:\/\/api.w.org\/{rel}","templated":true}]}}