{"id":204,"date":"2025-04-20T08:41:27","date_gmt":"2025-04-20T08:41:27","guid":{"rendered":"https:\/\/www.duyudil.com.tr\/?page_id=204"},"modified":"2025-04-20T08:41:28","modified_gmt":"2025-04-20T08:41:28","slug":"psikolojik-danismanlik-hizmeti","status":"publish","type":"page","link":"https:\/\/www.duyudil.com.tr\/?page_id=204","title":{"rendered":"PS\u0130KOLOJ\u0130K DANI\u015eMANLIK H\u0130ZMET\u0130"},"content":{"rendered":"\n<p class=\"has-foreground-color has-text-color has-link-color wp-elements-bca12cba0f4b3ae8733d55c43a1bf48f\">Psikolojik dan\u0131\u015fma ve rehberlik hizmetleri; bireyin kendisini tan\u0131yabilmesi, anlayabilmesi, ki\u015finin sahip oldu\u011fu fakat geli\u015fip ortaya \u00e7\u0131kmayan \u00f6zellerini ke\u015ffedebilmesi ve i\u00e7inde bulundu\u011fu topluma entegre olmas\u0131n\u0131 sa\u011flamaktad\u0131r<\/p>\n\n\n\n<p class=\"has-foreground-color has-text-color has-link-color wp-elements-e6f7a3e07e766e743eb5a462ebff42fb\">Psikolojik dan\u0131\u015fma ve rehberlik hizmetleri; bireyin kendisini tan\u0131yabilmesi, anlayabilmesi, ki\u015finin sahip oldu\u011fu fakat geli\u015fip ortaya \u00e7\u0131kmayan \u00f6zellerini ke\u015ffedebilmesi ve i\u00e7inde bulundu\u011fu topluma aktif bi\u00e7imde uyum sa\u011flayarak kendini ger\u00e7ekle\u015ftirebilmesi i\u00e7in sistematik bi\u00e7imde ve profesyonel olarak s\u00fcrd\u00fcr\u00fclmekte olan psikolojik yard\u0131m hizmetlerini kapsamaktad\u0131r. Birey s\u00fcrekli olarak geli\u015fmekte olup ya\u015f ve geli\u015fim d\u00f6nemlerinin gerektirdi\u011fi \u00f6l\u00e7\u00fcde yerine getirmekten sorumlu oldu\u011fu baz\u0131 geli\u015fim a\u015famalar\u0131na y\u00f6nelik g\u00f6revlerin ba\u015far\u0131ya ula\u015fmas\u0131 \u00f6nemli noktalar aras\u0131nda yer almaktad\u0131r.&nbsp;<\/p>\n\n\n\n<p><\/p>\n","protected":false},"excerpt":{"rendered":"<p>Psikolojik dan\u0131\u015fma ve rehberlik hizmetleri; bireyin kendisini tan\u0131yabilmesi, anlayabilmesi, ki\u015finin sahip oldu\u011fu fakat geli\u015fip ortaya \u00e7\u0131kmayan \u00f6zellerini ke\u015ffedebilmesi ve i\u00e7inde bulundu\u011fu topluma entegre olmas\u0131n\u0131 sa\u011flamaktad\u0131r Psikolojik dan\u0131\u015fma ve rehberlik hizmetleri; [&hellip;]<\/p>\n","protected":false},"author":1,"featured_media":149,"parent":0,"menu_order":0,"comment_status":"closed","ping_status":"closed","template":"","meta":{"footnotes":""},"class_list":["post-204","page","type-page","status-publish","has-post-thumbnail","hentry"],"_links":{"self":[{"href":"https:\/\/www.duyudil.com.tr\/index.php?rest_route=\/wp\/v2\/pages\/204","targetHints":{"allow":["GET"]}}],"collection":[{"href":"https:\/\/www.duyudil.com.tr\/index.php?rest_route=\/wp\/v2\/pages"}],"about":[{"href":"https:\/\/www.duyudil.com.tr\/index.php?rest_route=\/wp\/v2\/types\/page"}],"author":[{"embeddable":true,"href":"https:\/\/www.duyudil.com.tr\/index.php?rest_route=\/wp\/v2\/users\/1"}],"replies":[{"embeddable":true,"href":"https:\/\/www.duyudil.com.tr\/index.php?rest_route=%2Fwp%2Fv2%2Fcomments&post=204"}],"version-history":[{"count":1,"href":"https:\/\/www.duyudil.com.tr\/index.php?rest_route=\/wp\/v2\/pages\/204\/revisions"}],"predecessor-version":[{"id":206,"href":"https:\/\/www.duyudil.com.tr\/index.php?rest_route=\/wp\/v2\/pages\/204\/revisions\/206"}],"wp:featuredmedia":[{"embeddable":true,"href":"https:\/\/www.duyudil.com.tr\/index.php?rest_route=\/wp\/v2\/media\/149"}],"wp:attachment":[{"href":"https:\/\/www.duyudil.com.tr\/index.php?rest_route=%2Fwp%2Fv2%2Fmedia&parent=204"}],"curies":[{"name":"wp","href":"https:\/\/api.w.org\/{rel}","templated":true}]}}