{"id":187,"date":"2025-04-20T08:37:58","date_gmt":"2025-04-20T08:37:58","guid":{"rendered":"https:\/\/www.duyudil.com.tr\/?page_id=187"},"modified":"2025-04-20T08:37:59","modified_gmt":"2025-04-20T08:37:59","slug":"oyun-terapisi","status":"publish","type":"page","link":"https:\/\/www.duyudil.com.tr\/?page_id=187","title":{"rendered":"OYUN TERAP\u0130S\u0130"},"content":{"rendered":"\n<p class=\"has-foreground-color has-text-color has-link-color wp-elements-9357afae3c9d2146149e6a8e5a9ec03b\">S\u00f6z konusu \u00e7ocuklar olunca en do\u011fal ve kendilerini rahat ifade ettikleri ortam oyunlar\u0131d\u0131r.<\/p>\n\n\n\n<p class=\"has-foreground-color has-text-color has-link-color wp-elements-4e0c3db3011a55aaea80adda478ec6c0\">S\u00f6z konusu \u00e7ocuklar olunca en do\u011fal ve kendilerini rahat ifade ettikleri ortam oyunlar\u0131d\u0131r. Oyuncaklar\u0131 ile kendilerini ifade ettikleri ortama buna yo\u011funla\u015fan seanslara biz oyun terapisi demekteyiz. \u00c7ocuk bu sayede kendisini rahat ifade eder ve o s\u0131rada sadece bir oyun oynad\u0131\u011f\u0131n\u0131 zanneder. Herhangi bir bask\u0131, korku alt\u0131nda hissetmesini \u00f6nleyecek en etkili yol, \u00e7ocu\u011fun en sevdi\u011fi etkinlik olan yoldur. \u00c7ocuklara burada sanat, kum, hayal g\u00fcc\u00fc gibi oyun terapisinin \u00e7e\u015fitli ara\u00e7lar\u0131n\u0131 kullanarak kendilerini ifade etme \u015fans\u0131na sahip olurlar. Oyun terapisi, travmatik deneyimler ge\u00e7iren \u00e7ocuklar\u0131n duygular\u0131na ula\u015fmay\u0131 sa\u011flamaktad\u0131r.<\/p>\n","protected":false},"excerpt":{"rendered":"<p>S\u00f6z konusu \u00e7ocuklar olunca en do\u011fal ve kendilerini rahat ifade ettikleri ortam oyunlar\u0131d\u0131r. S\u00f6z konusu \u00e7ocuklar olunca en do\u011fal ve kendilerini rahat ifade ettikleri ortam oyunlar\u0131d\u0131r. Oyuncaklar\u0131 ile kendilerini ifade [&hellip;]<\/p>\n","protected":false},"author":1,"featured_media":156,"parent":0,"menu_order":0,"comment_status":"closed","ping_status":"closed","template":"","meta":{"footnotes":""},"class_list":["post-187","page","type-page","status-publish","has-post-thumbnail","hentry"],"_links":{"self":[{"href":"https:\/\/www.duyudil.com.tr\/index.php?rest_route=\/wp\/v2\/pages\/187","targetHints":{"allow":["GET"]}}],"collection":[{"href":"https:\/\/www.duyudil.com.tr\/index.php?rest_route=\/wp\/v2\/pages"}],"about":[{"href":"https:\/\/www.duyudil.com.tr\/index.php?rest_route=\/wp\/v2\/types\/page"}],"author":[{"embeddable":true,"href":"https:\/\/www.duyudil.com.tr\/index.php?rest_route=\/wp\/v2\/users\/1"}],"replies":[{"embeddable":true,"href":"https:\/\/www.duyudil.com.tr\/index.php?rest_route=%2Fwp%2Fv2%2Fcomments&post=187"}],"version-history":[{"count":1,"href":"https:\/\/www.duyudil.com.tr\/index.php?rest_route=\/wp\/v2\/pages\/187\/revisions"}],"predecessor-version":[{"id":189,"href":"https:\/\/www.duyudil.com.tr\/index.php?rest_route=\/wp\/v2\/pages\/187\/revisions\/189"}],"wp:featuredmedia":[{"embeddable":true,"href":"https:\/\/www.duyudil.com.tr\/index.php?rest_route=\/wp\/v2\/media\/156"}],"wp:attachment":[{"href":"https:\/\/www.duyudil.com.tr\/index.php?rest_route=%2Fwp%2Fv2%2Fmedia&parent=187"}],"curies":[{"name":"wp","href":"https:\/\/api.w.org\/{rel}","templated":true}]}}