{"id":184,"date":"2025-04-20T08:37:11","date_gmt":"2025-04-20T08:37:11","guid":{"rendered":"https:\/\/www.duyudil.com.tr\/?page_id=184"},"modified":"2025-04-20T08:37:12","modified_gmt":"2025-04-20T08:37:12","slug":"dil-konusma-terapisi","status":"publish","type":"page","link":"https:\/\/www.duyudil.com.tr\/?page_id=184","title":{"rendered":"D\u0130L KONU\u015eMA TERAP\u0130S\u0130"},"content":{"rendered":"\n<p class=\"has-foreground-color has-text-color has-link-color wp-elements-a5b77fcad3f39c532203eb23e0533f40\">Dil ve konu\u015fma terapisi, konu\u015fma ve dil becerilerini geli\u015ftirmeye yard\u0131mc\u0131 olan bir tedavidir. Ses \u00fcretimi, anlama, ak\u0131c\u0131l\u0131k, anlat\u0131mda netlik olmas\u0131n\u0131 sa\u011flar.<\/p>\n\n\n\n<p class=\"has-foreground-color has-text-color has-link-color wp-elements-9db8596e97fb008308994a97253c9c98\">Dil ve konu\u015fma terapisi,&nbsp;konu\u015fma ve dil becerilerini geli\u015ftirmeye yard\u0131mc\u0131 olan bir tedavidir. Ses \u00fcretimi, anlama, ak\u0131c\u0131l\u0131k, anlat\u0131mda netlik olmas\u0131n\u0131 sa\u011flar. Dil ve konu\u015fma terapisi b\u00f6l\u00fcm\u00fc t\u00fcm ya\u015f gruplar\u0131nda dil bozukluklar\u0131, konu\u015fma, ses, yutma fonksiyonlar\u0131 tedavisini yapar. Dil konu\u015fma bozukluklar\u0131 \u00e7ocukluk d\u00f6neminden ba\u015flayarak ya\u015fl\u0131l\u0131k d\u00f6nemine kadar olan s\u00fcre\u00e7teki bireyleri etkileyebilmektedir. Terapistler rehabilitasyonda artik\u00fclasyon bozuklu\u011fu, kekemelik, fonolojik bozukluk, ses yutma bozukluklar\u0131, \u00f6zg\u00fcl dil bozukluklar\u0131 \u00fczerine \u00e7al\u0131\u015fmaktad\u0131r.&nbsp;<\/p>\n","protected":false},"excerpt":{"rendered":"<p>Dil ve konu\u015fma terapisi, konu\u015fma ve dil becerilerini geli\u015ftirmeye yard\u0131mc\u0131 olan bir tedavidir. Ses \u00fcretimi, anlama, ak\u0131c\u0131l\u0131k, anlat\u0131mda netlik olmas\u0131n\u0131 sa\u011flar. Dil ve konu\u015fma terapisi,&nbsp;konu\u015fma ve dil becerilerini geli\u015ftirmeye yard\u0131mc\u0131 [&hellip;]<\/p>\n","protected":false},"author":1,"featured_media":146,"parent":0,"menu_order":0,"comment_status":"closed","ping_status":"closed","template":"","meta":{"footnotes":""},"class_list":["post-184","page","type-page","status-publish","has-post-thumbnail","hentry"],"_links":{"self":[{"href":"https:\/\/www.duyudil.com.tr\/index.php?rest_route=\/wp\/v2\/pages\/184","targetHints":{"allow":["GET"]}}],"collection":[{"href":"https:\/\/www.duyudil.com.tr\/index.php?rest_route=\/wp\/v2\/pages"}],"about":[{"href":"https:\/\/www.duyudil.com.tr\/index.php?rest_route=\/wp\/v2\/types\/page"}],"author":[{"embeddable":true,"href":"https:\/\/www.duyudil.com.tr\/index.php?rest_route=\/wp\/v2\/users\/1"}],"replies":[{"embeddable":true,"href":"https:\/\/www.duyudil.com.tr\/index.php?rest_route=%2Fwp%2Fv2%2Fcomments&post=184"}],"version-history":[{"count":1,"href":"https:\/\/www.duyudil.com.tr\/index.php?rest_route=\/wp\/v2\/pages\/184\/revisions"}],"predecessor-version":[{"id":186,"href":"https:\/\/www.duyudil.com.tr\/index.php?rest_route=\/wp\/v2\/pages\/184\/revisions\/186"}],"wp:featuredmedia":[{"embeddable":true,"href":"https:\/\/www.duyudil.com.tr\/index.php?rest_route=\/wp\/v2\/media\/146"}],"wp:attachment":[{"href":"https:\/\/www.duyudil.com.tr\/index.php?rest_route=%2Fwp%2Fv2%2Fmedia&parent=184"}],"curies":[{"name":"wp","href":"https:\/\/api.w.org\/{rel}","templated":true}]}}