{"id":173,"date":"2025-04-20T08:33:26","date_gmt":"2025-04-20T08:33:26","guid":{"rendered":"https:\/\/www.duyudil.com.tr\/?page_id=173"},"modified":"2025-04-20T08:33:27","modified_gmt":"2025-04-20T08:33:27","slug":"evde-fizik-tedavi","status":"publish","type":"page","link":"https:\/\/www.duyudil.com.tr\/?page_id=173","title":{"rendered":"EVDE F\u0130Z\u0130K TEDAV\u0130"},"content":{"rendered":"\n<p class=\"has-foreground-color has-text-color has-link-color wp-elements-81b06bc1a8a0d459dfbc81fbd9857aef\">Evde fizik tedavi hizmeti, n\u00f6rolojik hastal\u0131klar, akut, kronik ortopedik rahats\u0131zl\u0131klar ve pediatrik hastal\u0131klarda fizik tedavi ve rehabilitasyon doktorlar\u0131nca uygun g\u00f6r\u00fclen tedavinin fizyoterapistler taraf\u0131ndan ev ortam\u0131nda hastalara uygulanmas\u0131d\u0131r.<\/p>\n\n\n\n<p class=\"has-foreground-color has-text-color has-link-color wp-elements-ab37c11492a83ca38453faffd366f9d2\">Evde fizik tedavi hizmeti, n\u00f6rolojik hastal\u0131klar, akut ve kronik ortopedik rahats\u0131zl\u0131klar ve pediatrik hastal\u0131klarda fizik tedavi ve rehabilitasyon doktorlar\u0131nca uygun g\u00f6r\u00fclen tedavinin fizyoterapistler taraf\u0131ndan ev ortam\u0131nda hastalara uygulanmas\u0131 i\u015flemidir.&nbsp; Yaralanma, fel\u00e7, ya\u015fl\u0131l\u0131k veya hastal\u0131k gibi nedenlere ba\u011fl\u0131 olarak hareket fonksiyonunda problem ya\u015fayan hastalara \u00f6zel olarak yap\u0131lan bu uygulamalar kronik a\u011fr\u0131, g\u00fc\u00e7 kayb\u0131, hareketlerde k\u0131s\u0131tl\u0131l\u0131k, dengesizlik gibi durumlarda iyile\u015fme s\u00fcrecini h\u0131zland\u0131rmak i\u00e7in yap\u0131lmaktad\u0131r. Hizmetimizin amac\u0131, hastanede tedavi alamayan hastalar\u0131n kendi ev ortamlar\u0131nda fizik tedavi hizmeti vermektir. Evde Fizik Tedavi post\u00fcr bozukluklar\u0131, s\u0131f\u0131k, fel\u00e7, parkinson, MS, omurilik yaralanmalar\u0131, kal\u00e7a k\u0131r\u0131\u011f\u0131, kal\u00e7a-diz protezleri, ba\u011f ameliyatlar\u0131 vb., spinabifida, cerebral palsy, tortikolis vb. hastal\u0131klarda verilmektedir.<\/p>\n","protected":false},"excerpt":{"rendered":"<p>Evde fizik tedavi hizmeti, n\u00f6rolojik hastal\u0131klar, akut, kronik ortopedik rahats\u0131zl\u0131klar ve pediatrik hastal\u0131klarda fizik tedavi ve rehabilitasyon doktorlar\u0131nca uygun g\u00f6r\u00fclen tedavinin fizyoterapistler taraf\u0131ndan ev ortam\u0131nda hastalara uygulanmas\u0131d\u0131r. Evde fizik tedavi [&hellip;]<\/p>\n","protected":false},"author":1,"featured_media":126,"parent":0,"menu_order":0,"comment_status":"closed","ping_status":"closed","template":"","meta":{"footnotes":""},"class_list":["post-173","page","type-page","status-publish","has-post-thumbnail","hentry"],"_links":{"self":[{"href":"https:\/\/www.duyudil.com.tr\/index.php?rest_route=\/wp\/v2\/pages\/173","targetHints":{"allow":["GET"]}}],"collection":[{"href":"https:\/\/www.duyudil.com.tr\/index.php?rest_route=\/wp\/v2\/pages"}],"about":[{"href":"https:\/\/www.duyudil.com.tr\/index.php?rest_route=\/wp\/v2\/types\/page"}],"author":[{"embeddable":true,"href":"https:\/\/www.duyudil.com.tr\/index.php?rest_route=\/wp\/v2\/users\/1"}],"replies":[{"embeddable":true,"href":"https:\/\/www.duyudil.com.tr\/index.php?rest_route=%2Fwp%2Fv2%2Fcomments&post=173"}],"version-history":[{"count":1,"href":"https:\/\/www.duyudil.com.tr\/index.php?rest_route=\/wp\/v2\/pages\/173\/revisions"}],"predecessor-version":[{"id":175,"href":"https:\/\/www.duyudil.com.tr\/index.php?rest_route=\/wp\/v2\/pages\/173\/revisions\/175"}],"wp:featuredmedia":[{"embeddable":true,"href":"https:\/\/www.duyudil.com.tr\/index.php?rest_route=\/wp\/v2\/media\/126"}],"wp:attachment":[{"href":"https:\/\/www.duyudil.com.tr\/index.php?rest_route=%2Fwp%2Fv2%2Fmedia&parent=173"}],"curies":[{"name":"wp","href":"https:\/\/api.w.org\/{rel}","templated":true}]}}