{"id":169,"date":"2025-04-20T08:31:50","date_gmt":"2025-04-20T08:31:50","guid":{"rendered":"https:\/\/www.duyudil.com.tr\/?page_id=169"},"modified":"2025-04-20T08:31:50","modified_gmt":"2025-04-20T08:31:50","slug":"gorme-yetersizligi-destek-egitim-programi","status":"publish","type":"page","link":"https:\/\/www.duyudil.com.tr\/?page_id=169","title":{"rendered":"G\u00d6RME YETERS\u0130ZL\u0130\u011e\u0130 DESTEK E\u011e\u0130T\u0130M PROGRAMI"},"content":{"rendered":"\n<p class=\"has-foreground-color has-text-color has-link-color wp-elements-b58eb3598a51e510ae06446c8e971a82\">G\u00f6rme yetersizli\u011fi, g\u00f6rme g\u00fcc\u00fcn\u00fcn k\u0131smen ya da tamamen yetersizli\u011finden dolay\u0131, bireyin e\u011fitim performans\u0131n\u0131n ve sosyal uyumunun olumsuz y\u00f6nde etkilenmesi durumudur.<\/p>\n\n\n\n<p class=\"has-foreground-color has-text-color has-link-color wp-elements-ce6475f301e7d612734f95a3a7642bf6\">G\u00f6rme yetersizli\u011fi, g\u00f6rme g\u00fcc\u00fcn\u00fcn k\u0131smen ya da tamamen yetersizli\u011finden dolay\u0131, bireyin e\u011fitim performans\u0131n\u0131n ve sosyal uyumunun olumsuz y\u00f6nde etkilenmesi durumudur. Tamamen g\u00f6rmeyen bireyler uzaktan ya da yak\u0131ndan hi\u00e7bir \u015feyi g\u00f6remezken az g\u00f6ren ise \u00e7evresinde bulunan \u015feylerin yak\u0131n\u0131na giderek ya da g\u00f6z\u00fcne getirerek k\u0131smen fark etmesi anlam\u0131na gelmektedir. G\u00f6rme yetersizli\u011fi do\u011fu\u015ftan olabilece\u011fi gibi do\u011fum sonras\u0131ndaki baz\u0131 nedenlerden dolay\u0131 da ortaya \u00e7\u0131kabilmektedir. G\u00f6rme yetersizli\u011finin ne kadar erken fark\u0131na var\u0131labilirse tedavi edilme imkan\u0131 o kadar artar. Tedavi edilmesi m\u00fcmk\u00fcn olmad\u0131\u011f\u0131nda da, erken e\u011fitim \u00f6nlemleriyle \u00e7ocu\u011fun daha olumlu hayat s\u00fcrmesi m\u00fcmk\u00fcn olabilir.<\/p>\n\n\n\n<p><\/p>\n","protected":false},"excerpt":{"rendered":"<p>G\u00f6rme yetersizli\u011fi, g\u00f6rme g\u00fcc\u00fcn\u00fcn k\u0131smen ya da tamamen yetersizli\u011finden dolay\u0131, bireyin e\u011fitim performans\u0131n\u0131n ve sosyal uyumunun olumsuz y\u00f6nde etkilenmesi durumudur. G\u00f6rme yetersizli\u011fi, g\u00f6rme g\u00fcc\u00fcn\u00fcn k\u0131smen ya da tamamen yetersizli\u011finden dolay\u0131, [&hellip;]<\/p>\n","protected":false},"author":1,"featured_media":125,"parent":0,"menu_order":0,"comment_status":"closed","ping_status":"closed","template":"","meta":{"footnotes":""},"class_list":["post-169","page","type-page","status-publish","has-post-thumbnail","hentry"],"_links":{"self":[{"href":"https:\/\/www.duyudil.com.tr\/index.php?rest_route=\/wp\/v2\/pages\/169","targetHints":{"allow":["GET"]}}],"collection":[{"href":"https:\/\/www.duyudil.com.tr\/index.php?rest_route=\/wp\/v2\/pages"}],"about":[{"href":"https:\/\/www.duyudil.com.tr\/index.php?rest_route=\/wp\/v2\/types\/page"}],"author":[{"embeddable":true,"href":"https:\/\/www.duyudil.com.tr\/index.php?rest_route=\/wp\/v2\/users\/1"}],"replies":[{"embeddable":true,"href":"https:\/\/www.duyudil.com.tr\/index.php?rest_route=%2Fwp%2Fv2%2Fcomments&post=169"}],"version-history":[{"count":1,"href":"https:\/\/www.duyudil.com.tr\/index.php?rest_route=\/wp\/v2\/pages\/169\/revisions"}],"predecessor-version":[{"id":171,"href":"https:\/\/www.duyudil.com.tr\/index.php?rest_route=\/wp\/v2\/pages\/169\/revisions\/171"}],"wp:featuredmedia":[{"embeddable":true,"href":"https:\/\/www.duyudil.com.tr\/index.php?rest_route=\/wp\/v2\/media\/125"}],"wp:attachment":[{"href":"https:\/\/www.duyudil.com.tr\/index.php?rest_route=%2Fwp%2Fv2%2Fmedia&parent=169"}],"curies":[{"name":"wp","href":"https:\/\/api.w.org\/{rel}","templated":true}]}}