{"id":165,"date":"2025-04-20T08:29:21","date_gmt":"2025-04-20T08:29:21","guid":{"rendered":"https:\/\/www.duyudil.com.tr\/?page_id=165"},"modified":"2025-04-20T08:29:21","modified_gmt":"2025-04-20T08:29:21","slug":"aba-egitimi","status":"publish","type":"page","link":"https:\/\/www.duyudil.com.tr\/?page_id=165","title":{"rendered":"ABA E\u011e\u0130T\u0130M\u0130"},"content":{"rendered":"\n<p class=\"has-foreground-color has-text-color has-link-color wp-elements-1b92fe8aaee027d1908c54c4e8ad2811\">ABA E\u011fitimi, otizmli bireylerin ihtiya\u00e7 duydu\u011fu becerileri kazanmas\u0131n\u0131 ve ortaya \u00e7\u0131kan davran\u0131\u015f sorunlar\u0131n\u0131 en aza indirmeyi ama\u00e7lar.<\/p>\n\n\n\n<p class=\"has-foreground-color has-text-color has-link-color wp-elements-90d4dbcc1e263fb6c687abc3c79a7316\">ABA E\u011fitimi, otizmli bireylerin ihtiya\u00e7 duydu\u011fu becerileri kazanmas\u0131n\u0131 ve ortaya \u00e7\u0131kan davran\u0131\u015f sorunlar\u0131n\u0131 en aza indirmeyi ama\u00e7lar. Bireyin ba\u011f\u0131ms\u0131z bir \u015fekilde ya\u015fam\u0131n\u0131 idame edebilece\u011fi kadar davran\u0131\u015f sergilemesine yard\u0131mc\u0131 olmakla beraber istenmeyen davran\u0131\u015flar\u0131 da azalt\u0131p alternatif davran\u0131\u015flar\u0131 artt\u0131rmak hedeflenir. Erken ya\u015fta yo\u011funla\u015ft\u0131r\u0131lm\u0131\u015f Aba e\u011fitimi hedef davran\u0131\u015flar\u0131n geli\u015fmesinde ve peki\u015ftirilmesinde \u00f6nemlidir.&nbsp;<\/p>\n\n\n\n<p><\/p>\n","protected":false},"excerpt":{"rendered":"<p>ABA E\u011fitimi, otizmli bireylerin ihtiya\u00e7 duydu\u011fu becerileri kazanmas\u0131n\u0131 ve ortaya \u00e7\u0131kan davran\u0131\u015f sorunlar\u0131n\u0131 en aza indirmeyi ama\u00e7lar. ABA E\u011fitimi, otizmli bireylerin ihtiya\u00e7 duydu\u011fu becerileri kazanmas\u0131n\u0131 ve ortaya \u00e7\u0131kan davran\u0131\u015f sorunlar\u0131n\u0131 [&hellip;]<\/p>\n","protected":false},"author":1,"featured_media":49,"parent":0,"menu_order":0,"comment_status":"closed","ping_status":"closed","template":"","meta":{"footnotes":""},"class_list":["post-165","page","type-page","status-publish","has-post-thumbnail","hentry"],"_links":{"self":[{"href":"https:\/\/www.duyudil.com.tr\/index.php?rest_route=\/wp\/v2\/pages\/165","targetHints":{"allow":["GET"]}}],"collection":[{"href":"https:\/\/www.duyudil.com.tr\/index.php?rest_route=\/wp\/v2\/pages"}],"about":[{"href":"https:\/\/www.duyudil.com.tr\/index.php?rest_route=\/wp\/v2\/types\/page"}],"author":[{"embeddable":true,"href":"https:\/\/www.duyudil.com.tr\/index.php?rest_route=\/wp\/v2\/users\/1"}],"replies":[{"embeddable":true,"href":"https:\/\/www.duyudil.com.tr\/index.php?rest_route=%2Fwp%2Fv2%2Fcomments&post=165"}],"version-history":[{"count":1,"href":"https:\/\/www.duyudil.com.tr\/index.php?rest_route=\/wp\/v2\/pages\/165\/revisions"}],"predecessor-version":[{"id":167,"href":"https:\/\/www.duyudil.com.tr\/index.php?rest_route=\/wp\/v2\/pages\/165\/revisions\/167"}],"wp:featuredmedia":[{"embeddable":true,"href":"https:\/\/www.duyudil.com.tr\/index.php?rest_route=\/wp\/v2\/media\/49"}],"wp:attachment":[{"href":"https:\/\/www.duyudil.com.tr\/index.php?rest_route=%2Fwp%2Fv2%2Fmedia&parent=165"}],"curies":[{"name":"wp","href":"https:\/\/api.w.org\/{rel}","templated":true}]}}