{"id":111,"date":"2025-04-19T18:49:52","date_gmt":"2025-04-19T18:49:52","guid":{"rendered":"https:\/\/www.duyudil.com.tr\/?page_id=111"},"modified":"2025-04-19T18:59:10","modified_gmt":"2025-04-19T18:59:10","slug":"kadromuz","status":"publish","type":"page","link":"https:\/\/www.duyudil.com.tr\/?page_id=111","title":{"rendered":"Kadromuz"},"content":{"rendered":"\n<div class=\"wp-block-group is-layout-constrained wp-block-group-is-layout-constrained\">\n<div class=\"wp-block-buttons alignfull is-content-justification-center is-layout-flex wp-container-core-buttons-is-layout-4ca49411 wp-block-buttons-is-layout-flex\">\n<div class=\"wp-block-button has-custom-width wp-block-button__width-25\"><a class=\"wp-block-button__link has-tertiary-background-color has-background has-text-align-center wp-element-button\"><img loading=\"lazy\" decoding=\"async\" width=\"104\" height=\"98\" class=\"wp-image-112\" style=\"width: 104px;\" src=\"http:\/\/www.duyudil.com.tr\/wp-content\/uploads\/2025\/04\/simge.png\" alt=\"\">            <strong>Nurdan TAY <\/strong>            Uzman \u00d6\u011fretici<\/a><\/div>\n\n\n\n<div class=\"wp-block-button has-custom-width wp-block-button__width-25\"><a class=\"wp-block-button__link has-tertiary-background-color has-background has-text-align-center wp-element-button\"><img loading=\"lazy\" decoding=\"async\" width=\"104\" height=\"98\" class=\"wp-image-112\" style=\"width: 104px;\" src=\"http:\/\/www.duyudil.com.tr\/wp-content\/uploads\/2025\/04\/simge.png\" alt=\"\">                   <strong>\u0130rem G\u00fcnday  <\/strong>             Uzman Dil Terapisti<\/a><\/div>\n\n\n\n<div class=\"wp-block-button has-custom-width wp-block-button__width-25\"><a class=\"wp-block-button__link has-tertiary-background-color has-background has-text-align-center wp-element-button\"><img loading=\"lazy\" decoding=\"async\" width=\"104\" height=\"98\" class=\"wp-image-112\" style=\"width: 104px;\" src=\"http:\/\/www.duyudil.com.tr\/wp-content\/uploads\/2025\/04\/simge.png\" alt=\"\">                <strong>D. Nur SEM\u0130Z   <\/strong> Fizyoterapist<\/a><\/div>\n\n\n\n<div class=\"wp-block-button has-custom-width wp-block-button__width-25\"><a class=\"wp-block-button__link has-tertiary-background-color has-background has-text-align-center wp-element-button\"><img loading=\"lazy\" decoding=\"async\" width=\"104\" height=\"98\" class=\"wp-image-112\" style=\"width: 104px;\" src=\"http:\/\/www.duyudil.com.tr\/wp-content\/uploads\/2025\/04\/simge.png\" alt=\"\">                  <strong>Nisa ERMENEK   <\/strong> Uzman \u00d6\u011fretici<\/a><\/div>\n\n\n\n<div class=\"wp-block-button has-custom-width wp-block-button__width-25\"><a class=\"wp-block-button__link has-tertiary-background-color has-background has-text-align-center wp-element-button\"><img loading=\"lazy\" decoding=\"async\" width=\"104\" height=\"98\" class=\"wp-image-112\" style=\"width: 104px;\" src=\"http:\/\/www.duyudil.com.tr\/wp-content\/uploads\/2025\/04\/simge.png\" alt=\"\">           <strong>\u015eeyma Y\u0130\u011e\u0130T   <\/strong>       \u00c7ocuk Geli\u015fimi ve E\u011fitimcisi<\/a><\/div>\n\n\n\n<div class=\"wp-block-button has-custom-width wp-block-button__width-25\"><a class=\"wp-block-button__link has-tertiary-background-color has-background has-text-align-center wp-element-button\"><img loading=\"lazy\" decoding=\"async\" width=\"104\" height=\"98\" class=\"wp-image-112\" style=\"width: 104px;\" src=\"http:\/\/www.duyudil.com.tr\/wp-content\/uploads\/2025\/04\/simge.png\" alt=\"\">                 <strong>Esra ARSLAN <\/strong> Ergoterapist<\/a><\/div>\n\n\n\n<div class=\"wp-block-button has-custom-width wp-block-button__width-25\"><a class=\"wp-block-button__link has-tertiary-background-color has-background has-text-align-center wp-element-button\"><img loading=\"lazy\" decoding=\"async\" width=\"104\" height=\"98\" class=\"wp-image-112\" style=\"width: 104px;\" src=\"http:\/\/www.duyudil.com.tr\/wp-content\/uploads\/2025\/04\/simge.png\" alt=\"\">               <strong>B\u00fc\u015fra S\u00dcMENGEN<\/strong> Psikolog<\/a><\/div>\n\n\n\n<div class=\"wp-block-button has-custom-width wp-block-button__width-25\"><a class=\"wp-block-button__link has-tertiary-background-color has-background has-text-align-center wp-element-button\"><img loading=\"lazy\" decoding=\"async\" width=\"104\" height=\"98\" class=\"wp-image-112\" style=\"width: 104px;\" src=\"http:\/\/www.duyudil.com.tr\/wp-content\/uploads\/2025\/04\/simge.png\" alt=\"\">             <strong>Berke \u00d6RS <\/strong>            Uzman \u00d6\u011fretici<\/a><\/div>\n\n\n\n<div class=\"wp-block-button has-custom-width wp-block-button__width-25\"><a class=\"wp-block-button__link has-tertiary-background-color has-background has-text-align-center wp-element-button\"><img loading=\"lazy\" decoding=\"async\" width=\"104\" height=\"98\" class=\"wp-image-112\" style=\"width: 104px;\" src=\"http:\/\/www.duyudil.com.tr\/wp-content\/uploads\/2025\/04\/simge.png\" alt=\"\">               <strong>Sibel YILMAZT\u00dcRK  <\/strong> Kurum M\u00fcd\u00fcr\u00fc<\/a><\/div>\n\n\n\n<div class=\"wp-block-button has-custom-width wp-block-button__width-25\"><a class=\"wp-block-button__link has-tertiary-background-color has-background has-text-align-center wp-element-button\"><img loading=\"lazy\" decoding=\"async\" width=\"104\" height=\"98\" class=\"wp-image-112\" style=\"width: 104px;\" src=\"http:\/\/www.duyudil.com.tr\/wp-content\/uploads\/2025\/04\/simge.png\" alt=\"\">           <strong>Burcu AVCI  <\/strong>          Uzman \u00d6\u011fretici<\/a><\/div>\n\n\n\n<div class=\"wp-block-button has-custom-width wp-block-button__width-25\"><a class=\"wp-block-button__link has-tertiary-background-color has-background has-text-align-center wp-element-button\"><img loading=\"lazy\" decoding=\"async\" width=\"104\" height=\"98\" class=\"wp-image-112\" style=\"width: 104px;\" src=\"http:\/\/www.duyudil.com.tr\/wp-content\/uploads\/2025\/04\/simge.png\" alt=\"\">              <strong>O\u011fuzhan BULUT  <\/strong> Odyolog<\/a><\/div>\n\n\n\n<div class=\"wp-block-button has-custom-width wp-block-button__width-25\"><a class=\"wp-block-button__link has-tertiary-background-color has-background has-text-align-center wp-element-button\"><img loading=\"lazy\" decoding=\"async\" width=\"104\" height=\"98\" class=\"wp-image-112\" style=\"width: 104px;\" src=\"http:\/\/www.duyudil.com.tr\/wp-content\/uploads\/2025\/04\/simge.png\" alt=\"\">            <strong>Berna AKSOY  <\/strong>          Dil ve Konu\u015fma Terapisti<\/a><\/div>\n<\/div>\n<\/div>\n","protected":false},"excerpt":{"rendered":"","protected":false},"author":1,"featured_media":120,"parent":0,"menu_order":0,"comment_status":"closed","ping_status":"closed","template":"","meta":{"footnotes":""},"class_list":["post-111","page","type-page","status-publish","has-post-thumbnail","hentry"],"_links":{"self":[{"href":"https:\/\/www.duyudil.com.tr\/index.php?rest_route=\/wp\/v2\/pages\/111","targetHints":{"allow":["GET"]}}],"collection":[{"href":"https:\/\/www.duyudil.com.tr\/index.php?rest_route=\/wp\/v2\/pages"}],"about":[{"href":"https:\/\/www.duyudil.com.tr\/index.php?rest_route=\/wp\/v2\/types\/page"}],"author":[{"embeddable":true,"href":"https:\/\/www.duyudil.com.tr\/index.php?rest_route=\/wp\/v2\/users\/1"}],"replies":[{"embeddable":true,"href":"https:\/\/www.duyudil.com.tr\/index.php?rest_route=%2Fwp%2Fv2%2Fcomments&post=111"}],"version-history":[{"count":3,"href":"https:\/\/www.duyudil.com.tr\/index.php?rest_route=\/wp\/v2\/pages\/111\/revisions"}],"predecessor-version":[{"id":124,"href":"https:\/\/www.duyudil.com.tr\/index.php?rest_route=\/wp\/v2\/pages\/111\/revisions\/124"}],"wp:featuredmedia":[{"embeddable":true,"href":"https:\/\/www.duyudil.com.tr\/index.php?rest_route=\/wp\/v2\/media\/120"}],"wp:attachment":[{"href":"https:\/\/www.duyudil.com.tr\/index.php?rest_route=%2Fwp%2Fv2%2Fmedia&parent=111"}],"curies":[{"name":"wp","href":"https:\/\/api.w.org\/{rel}","templated":true}]}}